{"id":361,"date":"2024-07-12T21:24:31","date_gmt":"2024-07-12T21:24:31","guid":{"rendered":"https:\/\/elektroniniu-svetainiu-kurimas.lt\/ecodomus\/?page_id=361"},"modified":"2024-10-24T18:44:55","modified_gmt":"2024-10-24T18:44:55","slug":"hearing-prices","status":"publish","type":"page","link":"http:\/\/www.ecodomus.lt\/en\/hearing-prices\/","title":{"rendered":"Price request"},"content":{"rendered":"<style>.kb-row-layout-id361_16ce5e-a6 > .kt-row-column-wrap{align-content:start;}:where(.kb-row-layout-id361_16ce5e-a6 > .kt-row-column-wrap) > .wp-block-kadence-column{justify-content:start;}.kb-row-layout-id361_16ce5e-a6 > .kt-row-column-wrap{column-gap:var(--global-kb-gap-md, 2rem);row-gap:var(--global-kb-gap-md, 2rem);padding-top:var(--global-kb-spacing-sm, 1.5rem);padding-bottom:var(--global-kb-spacing-sm, 1.5rem);grid-template-columns:minmax(0, 1fr);}.kb-row-layout-id361_16ce5e-a6 > .kt-row-layout-overlay{opacity:0.30;}@media all and (max-width: 1024px){.kb-row-layout-id361_16ce5e-a6 > .kt-row-column-wrap{grid-template-columns:minmax(0, 1fr);}}@media all and (max-width: 767px){.kb-row-layout-id361_16ce5e-a6 > .kt-row-column-wrap{grid-template-columns:minmax(0, 1fr);}}<\/style><div class=\"kb-row-layout-wrap kb-row-layout-id361_16ce5e-a6 alignnone wp-block-kadence-rowlayout\"><div class=\"kt-row-column-wrap kt-has-1-columns kt-row-layout-equal kt-tab-layout-inherit kt-mobile-layout-row kt-row-valign-top\">\n<style>.kadence-column361_828f41-0d > .kt-inside-inner-col,.kadence-column361_828f41-0d > .kt-inside-inner-col:before{border-top-left-radius:0px;border-top-right-radius:0px;border-bottom-right-radius:0px;border-bottom-left-radius:0px;}.kadence-column361_828f41-0d > .kt-inside-inner-col{column-gap:var(--global-kb-gap-sm, 1rem);}.kadence-column361_828f41-0d > .kt-inside-inner-col{flex-direction:column;}.kadence-column361_828f41-0d > .kt-inside-inner-col > .aligncenter{width:100%;}.kadence-column361_828f41-0d > .kt-inside-inner-col:before{opacity:0.3;}.kadence-column361_828f41-0d{position:relative;}@media all and (max-width: 1024px){.kadence-column361_828f41-0d > .kt-inside-inner-col{flex-direction:column;justify-content:center;}}@media all and (max-width: 767px){.kadence-column361_828f41-0d > .kt-inside-inner-col{flex-direction:column;justify-content:center;}}<\/style>\n<div class=\"wp-block-kadence-column kadence-column361_828f41-0d\"><div class=\"kt-inside-inner-col\"><style>.wp-block-kadence-advancedheading.kt-adv-heading361_0fa8ec-de, .wp-block-kadence-advancedheading.kt-adv-heading361_0fa8ec-de[data-kb-block=\"kb-adv-heading361_0fa8ec-de\"]{padding-top:var(--global-kb-spacing-lg, 3rem);font-size:var(--global-kb-font-size-xxl, 4rem);font-style:normal;}.wp-block-kadence-advancedheading.kt-adv-heading361_0fa8ec-de mark.kt-highlight, .wp-block-kadence-advancedheading.kt-adv-heading361_0fa8ec-de[data-kb-block=\"kb-adv-heading361_0fa8ec-de\"] mark.kt-highlight{font-style:normal;color:#f76a0c;-webkit-box-decoration-break:clone;box-decoration-break:clone;padding-top:0px;padding-right:0px;padding-bottom:0px;padding-left:0px;}.wp-block-kadence-advancedheading.kt-adv-heading361_0fa8ec-de img.kb-inline-image, .wp-block-kadence-advancedheading.kt-adv-heading361_0fa8ec-de[data-kb-block=\"kb-adv-heading361_0fa8ec-de\"] img.kb-inline-image{width:150px;vertical-align:baseline;}<\/style>\n<h2 class=\"kt-adv-heading361_0fa8ec-de wp-block-kadence-advancedheading\" data-kb-block=\"kb-adv-heading361_0fa8ec-de\">Su\u017einokite dominan\u010dio projekto kain\u0105<\/h2>\n\n\n\n\n<style>.wp-block-kadence-advancedheading.kt-adv-heading361_24e7cf-e4, .wp-block-kadence-advancedheading.kt-adv-heading361_24e7cf-e4[data-kb-block=\"kb-adv-heading361_24e7cf-e4\"]{padding-top:var(--global-kb-spacing-sm, 1.5rem);font-style:normal;}.wp-block-kadence-advancedheading.kt-adv-heading361_24e7cf-e4 mark.kt-highlight, .wp-block-kadence-advancedheading.kt-adv-heading361_24e7cf-e4[data-kb-block=\"kb-adv-heading361_24e7cf-e4\"] mark.kt-highlight{font-style:normal;color:#f76a0c;-webkit-box-decoration-break:clone;box-decoration-break:clone;padding-top:0px;padding-right:0px;padding-bottom:0px;padding-left:0px;}.wp-block-kadence-advancedheading.kt-adv-heading361_24e7cf-e4 img.kb-inline-image, .wp-block-kadence-advancedheading.kt-adv-heading361_24e7cf-e4[data-kb-block=\"kb-adv-heading361_24e7cf-e4\"] img.kb-inline-image{width:150px;vertical-align:baseline;}<\/style>\n<p class=\"kt-adv-heading361_24e7cf-e4 wp-block-kadence-advancedheading\" data-kb-block=\"kb-adv-heading361_24e7cf-e4\">Pra\u0161ome u\u017epildyti \u017eemiau esan\u010di\u0105 form\u0105, kad gal\u0117tume tiksliai \u012fvertinti ir paruo\u0161ti jums tinkamiausi\u0105 skydini\u0173 nam\u0173 ar pastat\u0173 projekto s\u0105mat\u0105. \u0160i informacija pad\u0117s mums suprasti j\u016bs\u0173 poreikius ir pasi\u016blyti individualius sprendimus, atitinkan\u010dius j\u016bs\u0173 l\u016bkes\u010dius ir biud\u017eet\u0105.<\/p>\n\n\n<style>.kb-row-layout-id361_89f683-b0 > .kt-row-column-wrap{align-content:start;}:where(.kb-row-layout-id361_89f683-b0 > .kt-row-column-wrap) > .wp-block-kadence-column{justify-content:start;}.kb-row-layout-id361_89f683-b0 > .kt-row-column-wrap{column-gap:var(--global-kb-gap-md, 2rem);row-gap:var(--global-kb-gap-md, 2rem);padding-top:var(--global-kb-spacing-sm, 1.5rem);padding-right:0px;padding-bottom:var(--global-kb-spacing-sm, 1.5rem);}.kb-row-layout-id361_89f683-b0 > .kt-row-column-wrap > div:not(.added-for-specificity){grid-column:initial;}.kb-row-layout-id361_89f683-b0 > .kt-row-column-wrap{grid-template-columns:minmax(0, 1fr) minmax(0, 3fr) minmax(0, 1fr);}.kb-row-layout-id361_89f683-b0 > .kt-row-layout-overlay{opacity:0.30;}@media all and (max-width: 1024px){.kb-row-layout-id361_89f683-b0 > .kt-row-column-wrap > div:not(.added-for-specificity){grid-column:initial;}}@media all and (max-width: 1024px){.kb-row-layout-id361_89f683-b0 > .kt-row-column-wrap{grid-template-columns:minmax(0, 1fr) minmax(0, 3fr) minmax(0, 1fr);}}@media all and (max-width: 767px){.kb-row-layout-id361_89f683-b0 > .kt-row-column-wrap > div:not(.added-for-specificity){grid-column:initial;}.kb-row-layout-id361_89f683-b0 > .kt-row-column-wrap{grid-template-columns:minmax(0, 1fr);}}<\/style><div class=\"kb-row-layout-wrap kb-row-layout-id361_89f683-b0 alignnone wp-block-kadence-rowlayout\"><div class=\"kt-row-column-wrap kt-has-3-columns kt-row-layout-center-wide kt-tab-layout-inherit kt-mobile-layout-row kt-row-valign-top\">\n<style>.kadence-column361_a2ed09-99 > .kt-inside-inner-col{display:flex;}.kadence-column361_a2ed09-99 > .kt-inside-inner-col{padding-right:0px;}.kadence-column361_a2ed09-99 > .kt-inside-inner-col,.kadence-column361_a2ed09-99 > .kt-inside-inner-col:before{border-top-left-radius:0px;border-top-right-radius:0px;border-bottom-right-radius:0px;border-bottom-left-radius:0px;}.kadence-column361_a2ed09-99 > .kt-inside-inner-col{column-gap:var(--global-kb-gap-sm, 1rem);}.kadence-column361_a2ed09-99 > .kt-inside-inner-col{flex-direction:column;align-items:stretch;}.kadence-column361_a2ed09-99 > .kt-inside-inner-col > .kb-image-is-ratio-size{align-self:stretch;}.kadence-column361_a2ed09-99 > .kt-inside-inner-col > .wp-block-kadence-advancedgallery{align-self:stretch;}.kadence-column361_a2ed09-99 > .kt-inside-inner-col > .aligncenter{width:100%;}.kadence-column361_a2ed09-99 > .kt-inside-inner-col:before{opacity:0.3;}.kadence-column361_a2ed09-99{position:relative;}@media all and (max-width: 1024px){.kadence-column361_a2ed09-99 > .kt-inside-inner-col{flex-direction:column;justify-content:center;align-items:stretch;}}@media all and (max-width: 767px){.kadence-column361_a2ed09-99 > .kt-inside-inner-col{flex-direction:column;justify-content:center;align-items:stretch;}}<\/style>\n<div class=\"wp-block-kadence-column kadence-column361_a2ed09-99\"><div class=\"kt-inside-inner-col\"><\/div><\/div>\n\n\n<style>.kadence-column361_4b3907-e7 > .kt-inside-inner-col,.kadence-column361_4b3907-e7 > .kt-inside-inner-col:before{border-top-left-radius:0px;border-top-right-radius:0px;border-bottom-right-radius:0px;border-bottom-left-radius:0px;}.kadence-column361_4b3907-e7 > .kt-inside-inner-col{column-gap:var(--global-kb-gap-sm, 1rem);}.kadence-column361_4b3907-e7 > .kt-inside-inner-col{flex-direction:column;}.kadence-column361_4b3907-e7 > .kt-inside-inner-col > .aligncenter{width:100%;}.kadence-column361_4b3907-e7 > .kt-inside-inner-col:before{opacity:0.3;}.kadence-column361_4b3907-e7{position:relative;}@media all and (max-width: 1024px){.kadence-column361_4b3907-e7 > .kt-inside-inner-col{flex-direction:column;justify-content:center;}}@media all and (max-width: 767px){.kadence-column361_4b3907-e7 > .kt-inside-inner-col{flex-direction:column;justify-content:center;}}<\/style>\n<div class=\"wp-block-kadence-column kadence-column361_4b3907-e7\"><div class=\"kt-inside-inner-col\"><div class='fluentform ff-default fluentform_wrapper_5 ffs_default_wrap'><form data-form_id=\"5\" id=\"fluentform_5\" class=\"frm-fluent-form fluent_form_5 ff-el-form-top ff_form_instance_5_1 ff-form-loading ff_has_v3_recptcha ffs_default\" data-form_instance=\"ff_form_instance_5_1\" method=\"POST\" data-recptcha_key=\"6LcIJOkqAAAAAOAyCrg8n-IGU647FwsbZcvolBCj\" ><fieldset  style=\"border: none!important;margin: 0!important;padding: 0!important;background-color: transparent!important;box-shadow: none!important;outline: none!important; min-inline-size: 100%;\">\n                    <legend class=\"ff_screen_reader_title\" style=\"display: block; margin: 0!important;padding: 0!important;height: 0!important;text-indent: -999999px;width: 0!important;overflow:hidden;\">kainos uzklausa pilna<\/legend><p style=\"display: none !important;\" class=\"akismet-fields-container\" data-prefix=\"ak_\"><label>&#916;<textarea name=\"ak_hp_textarea\" cols=\"45\" rows=\"8\" maxlength=\"100\"><\/textarea><\/label><input type=\"hidden\" id=\"ak_js_1\" name=\"ak_js\" value=\"227\"\/><script>\ndocument.getElementById( \"ak_js_1\" ).setAttribute( \"value\", ( new Date() ).getTime() );\n<\/script>\n<\/p><input type='hidden' name='__fluent_form_embded_post_id' value='361' \/><input type=\"hidden\" id=\"_fluentform_5_fluentformnonce\" name=\"_fluentform_5_fluentformnonce\" value=\"e4b602499d\" \/><input type=\"hidden\" name=\"_wp_http_referer\" value=\"\/en\/wp-json\/wp\/v2\/pages\/361\" \/><div data-type=\"name-element\" data-name=\"names\" class=\" ff-field_container ff-name-field-wrapper\" ><div class='ff-t-container'><div class='ff-t-cell '><div class='ff-el-group'><div class=\"ff-el-input--label asterisk-right\"><label for='ff_5_names_first_name_' id='label_ff_5_names_first_name_' >Vardas<\/label><\/div><div class='ff-el-input--content'><input type=\"text\" name=\"names[first_name]\" id=\"ff_5_names_first_name_\" class=\"ff-el-form-control\" placeholder=\"\u012era\u0161ykite savo vard\u0105\" aria-invalid=\"false\" aria-required=false><\/div><\/div><\/div><\/div><\/div><div class='ff-el-group'><div class=\"ff-el-input--label ff-el-is-required asterisk-right\"><label for='ff_5_email' id='label_ff_5_email' aria-label=\"El.pa\u0161to adresas\">El.pa\u0161to adresas<\/label><\/div><div class='ff-el-input--content'><input type=\"email\" name=\"email\" id=\"ff_5_email\" class=\"ff-el-form-control\" placeholder=\" \u012eveskite el.pa\u0161to adres\u0105\" data-name=\"email\"  aria-invalid=\"false\" aria-required=true><\/div><\/div><div class='ff-el-group'><div class=\"ff-el-input--label ff-el-is-required asterisk-right\"><label for='ff_5_input_text' id='label_ff_5_input_text' aria-label=\"Telefono nr.\">Telefono nr.<\/label><\/div><div class='ff-el-input--content'><input type=\"text\" name=\"input_text\" class=\"ff-el-form-control\" placeholder=\"\u012eveskite savo telefono nr.\" data-name=\"input_text\" id=\"ff_5_input_text\"  aria-invalid=\"false\" aria-required=true><\/div><\/div><div class='ff-el-group'><div class=\"ff-el-input--label asterisk-right\"><label for='ff_5_dropdown' id='label_ff_5_dropdown' aria-label=\"U\u017esakymo tipas\">U\u017esakymo tipas<\/label><\/div><div class='ff-el-input--content'><select name=\"dropdown\" id=\"ff_5_dropdown\" class=\"ff-el-form-control\" data-name=\"dropdown\" data-calc_value=\"0\"  aria-invalid=\"false\" aria-required=\"false\" aria-labelledby=\"label_ff_5_dropdown\"><option value=\"\">- pasirinkite pastato tip\u0105 -<\/option><option value=\"Stogo santvaros\"  >Stogo santvaros<\/option><option value=\"Sien\u0173 skydai\"  >Sien\u0173 skydai<\/option><option value=\"Karkasin\u0117 konstrukcija\"  >Karkasin\u0117 konstrukcija<\/option><option value=\"Projektavimas\"  >Projektavimas<\/option><option value=\"Kita\"  >Kita<\/option><\/select><\/div><\/div><div class='ff-el-group'><div class=\"ff-el-input--label asterisk-right\"><label for='ff_5_dropdown_1' id='label_ff_5_dropdown_1' aria-label=\"Pastato tipas\">Pastato tipas<\/label><\/div><div class='ff-el-input--content'><select name=\"dropdown_1\" id=\"ff_5_dropdown_1\" class=\"ff-el-form-control\" data-name=\"dropdown_1\" data-calc_value=\"0\"  aria-invalid=\"false\" aria-required=\"false\" aria-labelledby=\"label_ff_5_dropdown_1\"><option value=\"\">- pasirinkite pastato tip\u0105 -<\/option><option value=\"Gyvenamasis namas\"  >Gyvenamasis namas<\/option><option value=\"\u016akin\u0117s paskirties statinys\"  >\u016akin\u0117s paskirties statinys<\/option><option value=\"Komercin\u0117s paskirties statinys\"  >Komercin\u0117s paskirties statinys<\/option><option value=\"Kita\"  >Kita<\/option><\/select><\/div><\/div><div class='ff-el-group'><div class=\"ff-el-input--label asterisk-right\"><label   aria-label=\"Ar jau turite projekt\u0105?\">Ar jau turite projekt\u0105?<\/label><\/div><div class='ff-el-input--content'><div class='ff-el-form-check ff-el-form-check-'><label class='ff-el-form-check-label' for='checkbox_0a1929a8796ef41a2c44c77e8b70943f'><input  type=\"checkbox\" name=\"checkbox[]\" data-name=\"checkbox\" class=\"ff-el-form-check-input ff-el-form-check-checkbox\" value=\"TAIP\"  id='checkbox_0a1929a8796ef41a2c44c77e8b70943f' aria-label='TAIP' aria-invalid='false' aria-required=false> <span>TAIP<\/span><\/label><\/div><div class='ff-el-form-check ff-el-form-check-'><label class='ff-el-form-check-label' for='checkbox_14e600fa8222d6022cce4dfb21f4292d'><input  type=\"checkbox\" name=\"checkbox[]\" data-name=\"checkbox\" class=\"ff-el-form-check-input ff-el-form-check-checkbox\" value=\"NE\"  id='checkbox_14e600fa8222d6022cce4dfb21f4292d' aria-label='NE' aria-invalid='false' aria-required=false> <span>NE<\/span><\/label><\/div><\/div><\/div><div class='ff-el-group'><div class=\"ff-el-input--label asterisk-right\"><label for='ff_5_input_text_2' id='label_ff_5_input_text_2' aria-label=\"Pastato plotas (kv.m.)\">Pastato plotas (kv.m.)<\/label><\/div><div class='ff-el-input--content'><input type=\"text\" name=\"input_text_2\" class=\"ff-el-form-control\" placeholder=\"m2\" data-name=\"input_text_2\" id=\"ff_5_input_text_2\"  aria-invalid=\"false\" aria-required=false><\/div><\/div><div class='ff-el-group'><div class=\"ff-el-input--label asterisk-right\"><label for='ff_5_input_text_3' id='label_ff_5_input_text_3' aria-label=\"Auk\u0161t\u0173 skai\u010dius\">Auk\u0161t\u0173 skai\u010dius<\/label><\/div><div class='ff-el-input--content'><input type=\"text\" name=\"input_text_3\" class=\"ff-el-form-control\" placeholder=\"1, 2...\" data-name=\"input_text_3\" id=\"ff_5_input_text_3\"  aria-invalid=\"false\" aria-required=false><\/div><\/div><div class='ff-el-group'><div class=\"ff-el-input--label asterisk-right\"><label for='ff_5_input_text_4' id='label_ff_5_input_text_4' aria-label=\"Sklypo adresas, jei turite\">Sklypo adresas, jei turite<\/label><\/div><div class='ff-el-input--content'><input type=\"text\" name=\"input_text_4\" class=\"ff-el-form-control\" placeholder=\"Adresas\" data-name=\"input_text_4\" id=\"ff_5_input_text_4\"  aria-invalid=\"false\" aria-required=false><\/div><\/div><div class='ff-el-group'><div class=\"ff-el-input--label asterisk-right\"><label for='ff_5_input_text_5' id='label_ff_5_input_text_5' aria-label=\"Sklypo b\u016bkl\u0117\">Sklypo b\u016bkl\u0117<\/label><\/div><div class='ff-el-input--content'><input type=\"text\" name=\"input_text_5\" class=\"ff-el-form-control\" placeholder=\"Reljefo ypatumai, esamos komunikacijos, ir kt.\" data-name=\"input_text_5\" id=\"ff_5_input_text_5\"  aria-invalid=\"false\" aria-required=false><\/div><\/div><div class='ff-el-group'><div class=\"ff-el-input--label asterisk-right\"><label for='ff_5_input_text_6' id='label_ff_5_input_text_6' aria-label=\"Pageidaujamas projekto prad\u017eios laikas\">Pageidaujamas projekto prad\u017eios laikas<\/label><\/div><div class='ff-el-input--content'><input type=\"text\" name=\"input_text_6\" class=\"ff-el-form-control\" placeholder=\"Kada planuojama statyb\u0173 \/ finansavimo prad\u017eia\" data-name=\"input_text_6\" id=\"ff_5_input_text_6\"  aria-invalid=\"false\" aria-required=false><\/div><\/div><div class='ff-el-group'><div class=\"ff-el-input--label asterisk-right\"><label for='ff_5_input_text_7' id='label_ff_5_input_text_7' aria-label=\"Numatomas biud\u017eetas\">Numatomas biud\u017eetas<\/label><\/div><div class='ff-el-input--content'><input type=\"text\" name=\"input_text_7\" class=\"ff-el-form-control\" placeholder=\"Suplanuotas biud\u017eetas\" data-name=\"input_text_7\" id=\"ff_5_input_text_7\"  aria-invalid=\"false\" aria-required=false><\/div><\/div><div class='ff-el-group'><div class=\"ff-el-input--label ff-el-is-required asterisk-right\"><label for='ff_5_message' id='label_ff_5_message' aria-label=\"J\u016bs\u0173 \u017einut\u0117\">J\u016bs\u0173 \u017einut\u0117<\/label><\/div><div class='ff-el-input--content'><textarea aria-required=\"true\" aria-labelledby=\"label_ff_5_message\" name=\"message\" id=\"ff_5_message\" class=\"ff-el-form-control\" placeholder=\"Kiti informacija, svarb\u016bs aspektai ar special\u016bs reikalavimai\" rows=\"6\" cols=\"2\" data-name=\"message\" ><\/textarea><\/div><\/div><div class='ff-el-group ff-el-form-left'><div class=\"ff-el-input--label asterisk-right\"><label for='ff_5_file-upload_1' id='label_ff_5_file-upload_1' aria-label=\"\u012ekelti fail\u0105\">\u012ekelti fail\u0105<\/label><\/div><div class='ff-el-input--content'><label for='ff_5_file-upload_1' class='ff_file_upload_holder'><span class='ff_upload_btn ff-btn' tabindex='0'>Pasirinkti fail\u0105 \u012fk\u0117limui<\/span> <input type=\"file\" name=\"file-upload\" id=\"ff_5_file-upload_1\" class=\"ff-el-form-control  ff-screen-reader-element\" data-name=\"file-upload\" multiple=\"1\"  aria-invalid='false' aria-required=false><\/label><\/div><\/div><div class='ff-el-group ff-text-left ff_submit_btn_wrapper'><button type=\"submit\" class=\"ff-btn ff-btn-submit ff-btn-lg ff_btn_style wpf_has_custom_css\"  aria-label=\"Pateikti u\u017eklaus\u0105\">Pateikti u\u017eklaus\u0105<\/button><\/div><\/fieldset><\/form><div id='fluentform_5_errors' class='ff-errors-in-stack ff_form_instance_5_1 ff-form-loading_errors ff_form_instance_5_1_errors'><\/div><\/div>            <script type=\"text\/javascript\">\n                window.fluent_form_ff_form_instance_5_1 = {\"id\":\"5\",\"ajaxUrl\":\"https:\\\/\\\/www.ecodomus.lt\\\/wp-admin\\\/admin-ajax.php\",\"settings\":{\"layout\":{\"labelPlacement\":\"top\",\"helpMessagePlacement\":\"with_label\",\"errorMessagePlacement\":\"inline\",\"cssClassName\":\"\",\"asteriskPlacement\":\"asterisk-right\"},\"restrictions\":{\"denyEmptySubmission\":{\"enabled\":false}}},\"form_instance\":\"ff_form_instance_5_1\",\"form_id_selector\":\"fluentform_5\",\"rules\":{\"names[first_name]\":{\"required\":{\"value\":false,\"message\":\"This field is required\",\"global\":false,\"global_message\":\"\\u0160is laukas yra privalomas\"}},\"names[middle_name]\":{\"required\":{\"value\":false,\"message\":\"This field is required\",\"global\":false,\"global_message\":\"\\u0160is laukas yra privalomas\"}},\"names[last_name]\":{\"required\":{\"value\":false,\"message\":\"This field is required\",\"global\":false,\"global_message\":\"\\u0160is laukas yra privalomas\"}},\"email\":{\"required\":{\"value\":true,\"message\":\"\\u0160is laukas privalomas\",\"global\":false,\"global_message\":\"\\u0160is laukas yra privalomas\"},\"email\":{\"value\":true,\"message\":\"\\u012eveskite tikr\\u0105 el.pa\\u0161to adres\\u0105.\",\"global\":false,\"global_message\":\"\\u0160iame lauke turi b\\u016bti nurodytas galiojantis el. pa\\u0161to adresas\"}},\"input_text\":{\"required\":{\"value\":true,\"message\":\"\\u0160is laukas yra privalomas\",\"global_message\":\"\\u0160is laukas yra privalomas\",\"global\":true}},\"dropdown\":{\"required\":{\"value\":false,\"message\":\"\\u0160is laukas yra privalomas\",\"global_message\":\"\\u0160is laukas yra privalomas\",\"global\":true}},\"dropdown_1\":{\"required\":{\"value\":false,\"message\":\"\\u0160is laukas yra privalomas\",\"global_message\":\"\\u0160is laukas yra privalomas\",\"global\":true}},\"checkbox\":{\"required\":{\"value\":false,\"message\":\"\\u0160is laukas yra privalomas\",\"global_message\":\"\\u0160is laukas yra privalomas\",\"global\":true}},\"input_text_2\":{\"required\":{\"value\":false,\"message\":\"\\u0160is laukas yra privalomas\",\"global_message\":\"\\u0160is laukas yra privalomas\",\"global\":true}},\"input_text_3\":{\"required\":{\"value\":false,\"message\":\"\\u0160is laukas yra privalomas\",\"global_message\":\"\\u0160is laukas yra privalomas\",\"global\":true}},\"input_text_4\":{\"required\":{\"value\":false,\"message\":\"\\u0160is laukas yra privalomas\",\"global_message\":\"\\u0160is laukas yra privalomas\",\"global\":true}},\"input_text_5\":{\"required\":{\"value\":false,\"message\":\"\\u0160is laukas yra privalomas\",\"global_message\":\"\\u0160is laukas yra privalomas\",\"global\":true}},\"input_text_6\":{\"required\":{\"value\":false,\"message\":\"\\u0160is laukas yra privalomas\",\"global_message\":\"\\u0160is laukas yra privalomas\",\"global\":true}},\"input_text_7\":{\"required\":{\"value\":false,\"message\":\"\\u0160is laukas yra privalomas\",\"global_message\":\"\\u0160is laukas yra privalomas\",\"global\":true}},\"message\":{\"required\":{\"value\":true,\"message\":\"\\u0160is laukas privalomas\",\"global\":false,\"global_message\":\"\\u0160is laukas yra privalomas\"}},\"file-upload\":{\"required\":{\"value\":false,\"message\":\"\\u0160is laukas yra privalomas\",\"global_message\":\"\\u0160is laukas yra privalomas\",\"global\":true},\"max_file_size\":{\"value\":52428800,\"_valueFrom\":\"MB\",\"message\":\"Vir\\u0161ijamas maksimalus failo dydis\",\"global_message\":\"Vir\\u0161ijamas maksimalus failo dydis\",\"global\":true},\"max_file_count\":{\"value\":\"5\",\"message\":\"Bandoma \\u012fkelti per daug fail\\u0173, pra\\u0161ome atsi\\u0173sti lai\\u0161ku \\u012f info@ecodomus.lt\",\"global_message\":\"Bandoma \\u012fkelti per daug fail\\u0173, pra\\u0161ome atsi\\u0173sti lai\\u0161ku \\u012f info@ecodomus.lt\",\"global\":true},\"allowed_file_types\":{\"value\":[\"jpg|jpeg|gif|png|bmp\",\"pdf\",\"doc|ppt|pps|xls|mdb|docx|xlsx|pptx|odt|odp|ods|odg|odc|odb|odf|rtf|txt\"],\"message\":\"Netinkamas failo tipas\",\"global_message\":\"Netinkamas failo tipas\",\"global\":true}},\"g-recaptcha-response\":[]},\"debounce_time\":300};\n                            <\/script>\n            \n<\/div><\/div>\n\n\n<style>.kadence-column361_4abe7c-7b > .kt-inside-inner-col,.kadence-column361_4abe7c-7b > .kt-inside-inner-col:before{border-top-left-radius:0px;border-top-right-radius:0px;border-bottom-right-radius:0px;border-bottom-left-radius:0px;}.kadence-column361_4abe7c-7b > .kt-inside-inner-col{column-gap:var(--global-kb-gap-sm, 1rem);}.kadence-column361_4abe7c-7b > .kt-inside-inner-col{flex-direction:column;}.kadence-column361_4abe7c-7b > .kt-inside-inner-col > .aligncenter{width:100%;}.kadence-column361_4abe7c-7b > .kt-inside-inner-col:before{opacity:0.3;}.kadence-column361_4abe7c-7b{position:relative;}@media all and (max-width: 1024px){.kadence-column361_4abe7c-7b > .kt-inside-inner-col{flex-direction:column;justify-content:center;}}@media all and (max-width: 767px){.kadence-column361_4abe7c-7b > .kt-inside-inner-col{flex-direction:column;justify-content:center;}}<\/style>\n<div class=\"wp-block-kadence-column kadence-column361_4abe7c-7b\"><div class=\"kt-inside-inner-col\"><\/div><\/div>\n\n<\/div><\/div><\/div><\/div>\n\n<\/div><\/div>","protected":false},"excerpt":{"rendered":"<p>Su\u017einokite dominan\u010dio projekto kain\u0105 Pra\u0161ome u\u017epildyti \u017eemiau esan\u010di\u0105 form\u0105, kad gal\u0117tume tiksliai \u012fvertinti ir paruo\u0161ti jums tinkamiausi\u0105 skydini\u0173 nam\u0173 ar pastat\u0173 projekto s\u0105mat\u0105. \u0160i informacija pad\u0117s mums suprasti j\u016bs\u0173 poreikius ir pasi\u016blyti individualius sprendimus, atitinkan\u010dius j\u016bs\u0173 l\u016bkes\u010dius ir biud\u017eet\u0105.<\/p>","protected":false},"author":1,"featured_media":0,"parent":0,"menu_order":0,"comment_status":"closed","ping_status":"closed","template":"","meta":{"_gspb_post_css":"","_kad_blocks_custom_css":"","_kad_blocks_head_custom_js":"","_kad_blocks_body_custom_js":"","_kad_blocks_footer_custom_js":"","footnotes":""},"class_list":["post-361","page","type-page","status-publish","hentry"],"blocksy_meta":{"has_hero_section":"disabled","styles_descriptor":{"styles":{"desktop":"","tablet":"","mobile":""},"google_fonts":[],"version":6}},"taxonomy_info":[],"featured_image_src_large":false,"author_info":{"display_name":"elektroniniu-svetainiu-kurimas.lt","author_link":"http:\/\/www.ecodomus.lt\/en\/author\/elektroniniu-svetainiu-kurimas-lt\/"},"comment_info":0,"_links":{"self":[{"href":"http:\/\/www.ecodomus.lt\/en\/wp-json\/wp\/v2\/pages\/361","targetHints":{"allow":["GET"]}}],"collection":[{"href":"http:\/\/www.ecodomus.lt\/en\/wp-json\/wp\/v2\/pages"}],"about":[{"href":"http:\/\/www.ecodomus.lt\/en\/wp-json\/wp\/v2\/types\/page"}],"author":[{"embeddable":true,"href":"http:\/\/www.ecodomus.lt\/en\/wp-json\/wp\/v2\/users\/1"}],"replies":[{"embeddable":true,"href":"http:\/\/www.ecodomus.lt\/en\/wp-json\/wp\/v2\/comments?post=361"}],"version-history":[{"count":0,"href":"http:\/\/www.ecodomus.lt\/en\/wp-json\/wp\/v2\/pages\/361\/revisions"}],"wp:attachment":[{"href":"http:\/\/www.ecodomus.lt\/en\/wp-json\/wp\/v2\/media?parent=361"}],"curies":[{"name":"wp","href":"https:\/\/api.w.org\/{rel}","templated":true}]}}